{"id":641,"date":"2020-01-16T12:10:58","date_gmt":"2020-01-16T11:10:58","guid":{"rendered":"http:\/\/gesund-digital-leben.de.devweb.mwn.de\/?page_id=641"},"modified":"2021-07-07T10:42:37","modified_gmt":"2021-07-07T08:42:37","slug":"scientific-support","status":"publish","type":"page","link":"https:\/\/gesund-digital-leben.de\/en\/research-association\/scientific-support\/","title":{"rendered":"Scientific Support"},"content":{"rendered":"\n<p> The research network is accompanied by a group of scientific experts who advise the network and evaluate the interim and final results.<\/p>\n\n\n\n<ul class=\"wp-block-list\"><li><strong><a href=\"https:\/\/www.uni-due.de\/biwi\/sb\/bellingrath.php \">Prof. Dr. Silja Bellingrath<\/a><\/strong>, Universit\u00e4t Duisburg-Essen, Psychologie (klinische Psychobiologie; Psychotherapie)<\/li><li><strong><a href=\"https:\/\/www.iwi.unibe.ch\/ueber_uns\/personen\/prof_dr_dibbern_jens\/index_ger.html \">Prof. Dr. Jens Dibbern<\/a><\/strong>, Universit\u00e4t Bern, Wirtschaftsinformatik<\/li><li><strong><a href=\"https:\/\/www.leuphana.de\/institute\/iis\/personen\/burkhardt-funk.html\">Prof. Dr. Burkhardt Funk<\/a><\/strong>, Leuphana Universit\u00e4t L\u00fcneburg, Wirtschaftsinformatik<\/li><li><strong><a href=\"https:\/\/www.uke.de\/kliniken-institute\/institute\/universit{4d32b180d1ff8f29f893e615a72c6fbe857378bd27f6ba2163c8e1f02f50dd72}C3{4d32b180d1ff8f29f893e615a72c6fbe857378bd27f6ba2163c8e1f02f50dd72}A4tsprofessur-f{4d32b180d1ff8f29f893e615a72c6fbe857378bd27f6ba2163c8e1f02f50dd72}C3{4d32b180d1ff8f29f893e615a72c6fbe857378bd27f6ba2163c8e1f02f50dd72}BCr-arbeitsmedizin\/team\/profilseite_harth.html\">Prof. Dr. Volker Harth<\/a><\/strong>, Universit\u00e4t Hamburg, Arbeitsmedizin (Umweltmedizin)<\/li><li><strong><a href=\"https:\/\/www.tu-chemnitz.de\/hsw\/psychologie\/professuren\/geropsy\/jahn.html\">Prof. Dr. Georg Jahn<\/a><\/strong>, TU Chemnitz, Psychologie \/ Gerontopsychologie<\/li><li><strong><a href=\"https:\/\/www.wiso.uni-hamburg.de\/fachbereich-sowi\/professuren\/kleinen-von-koenigsloew\/team\/kleinen-von-koenigsloew-katharina.html\">Prof. Dr. Katharina Klein-von K\u00f6nigsl\u00f6w<\/a><\/strong>, Universit\u00e4t Hamberg, Kommunikationswissenschaft<\/li><li><strong><a href=\"https:\/\/www.ebs.edu\/de\/person\/julia-kroenung\">Prof. Dr. Julia Kr\u00f6nung<\/a><\/strong>, Universit\u00e4t Mannheim, Wirtschaftswissenschaften<\/li><li><strong><a href=\"https:\/\/www.kowi.ifp.uni-mainz.de\/team\/oliver-quiring\/\">Prof. Dr. Oliver Quiring<\/a><\/strong>, Universit\u00e4t Mainz, Kommunikationswissenschaft<\/li><li><strong><a href=\"https:\/\/johannesschoening.de\/\">Prof. Dr. Ing. Johannes Sch\u00f6ning<\/a><\/strong>, Universit\u00e4t Bremen, Human-Computer Interaction (Geoinformatik)<\/li><\/ul>\n","protected":false},"excerpt":{"rendered":"<p>The research network is accompanied by a group of scientific experts who advise the network and evaluate the interim and final results. Prof. Dr. Silja Bellingrath, Universit\u00e4t Duisburg-Essen, Psychologie (klinische Psychobiologie; Psychotherapie) Prof. Dr. Jens Dibbern, Universit\u00e4t Bern, Wirtschaftsinformatik Prof. Dr. Burkhardt Funk, Leuphana Universit\u00e4t L\u00fcneburg, Wirtschaftsinformatik Prof. Dr. Volker Harth, Universit\u00e4t Hamburg, Arbeitsmedizin (Umweltmedizin) &hellip; <\/p>\n<p class=\"link-more\"><a href=\"https:\/\/gesund-digital-leben.de\/en\/research-association\/scientific-support\/\" class=\"more-link\">Continue reading<span class=\"screen-reader-text\"> &#8220;Scientific Support&#8221;<\/span><\/a><\/p>\n","protected":false},"author":2,"featured_media":0,"parent":635,"menu_order":3,"comment_status":"closed","ping_status":"closed","template":"","meta":{"_acf_changed":false,"inline_featured_image":false,"footnotes":""},"class_list":["post-641","page","type-page","status-publish","hentry","entry"],"acf":[],"yoast_head":"\n<title>Scientific Support - Healthy Digital Living<\/title>\n<meta name=\"description\" content=\"The research association is supported by a group of scientific reviewers that will advise the association and evaluate their interim and final results.\" \/>\n<meta name=\"robots\" content=\"index, follow, max-snippet:-1, max-image-preview:large, max-video-preview:-1\" \/>\n<link rel=\"canonical\" href=\"https:\/\/gesund-digital-leben.de\/en\/research-association\/scientific-support\/\" \/>\n<meta property=\"og:locale\" content=\"en_US\" \/>\n<meta property=\"og:type\" content=\"article\" \/>\n<meta property=\"og:title\" content=\"Scientific Support - Healthy Digital Living\" \/>\n<meta property=\"og:description\" content=\"The research association is supported by a group of scientific reviewers that will advise the association and evaluate their interim and final results.\" \/>\n<meta property=\"og:url\" content=\"https:\/\/gesund-digital-leben.de\/en\/research-association\/scientific-support\/\" \/>\n<meta property=\"og:site_name\" content=\"Healthy Digital Living\" \/>\n<meta property=\"article:modified_time\" content=\"2021-07-07T08:42:37+00:00\" \/>\n<meta name=\"twitter:card\" content=\"summary_large_image\" \/>\n<meta name=\"twitter:label1\" content=\"Est. reading time\" \/>\n\t<meta name=\"twitter:data1\" content=\"1 minute\" \/>\n<script type=\"application\/ld+json\" class=\"yoast-schema-graph\">{\"@context\":\"https:\/\/schema.org\",\"@graph\":[{\"@type\":\"WebPage\",\"@id\":\"https:\/\/gesund-digital-leben.de\/en\/research-association\/scientific-support\/\",\"url\":\"https:\/\/gesund-digital-leben.de\/en\/research-association\/scientific-support\/\",\"name\":\"Scientific Support - Healthy Digital Living\",\"isPartOf\":{\"@id\":\"\/#website\"},\"datePublished\":\"2020-01-16T11:10:58+00:00\",\"dateModified\":\"2021-07-07T08:42:37+00:00\",\"description\":\"The research association is supported by a group of scientific reviewers that will advise the association and evaluate their interim and final results.\",\"breadcrumb\":{\"@id\":\"https:\/\/gesund-digital-leben.de\/en\/research-association\/scientific-support\/#breadcrumb\"},\"inLanguage\":\"en-US\",\"potentialAction\":[{\"@type\":\"ReadAction\",\"target\":[\"https:\/\/gesund-digital-leben.de\/en\/research-association\/scientific-support\/\"]}]},{\"@type\":\"BreadcrumbList\",\"@id\":\"https:\/\/gesund-digital-leben.de\/en\/research-association\/scientific-support\/#breadcrumb\",\"itemListElement\":[{\"@type\":\"ListItem\",\"position\":1,\"name\":\"Healthy Digital Living\",\"item\":\"https:\/\/gesund-digital-leben.de\/en\/research-association\/\"},{\"@type\":\"ListItem\",\"position\":2,\"name\":\"Our research association\",\"item\":\"https:\/\/gesund-digital-leben.de\/en\/research-association\/\"},{\"@type\":\"ListItem\",\"position\":3,\"name\":\"Scientific Support\"}]},{\"@type\":\"WebSite\",\"@id\":\"\/#website\",\"url\":\"\/\",\"name\":\"Healthy Digital Living\",\"description\":\"Gesunder Umgang mit digitalen Technologien und Medien\",\"publisher\":{\"@id\":\"\/#organization\"},\"potentialAction\":[{\"@type\":\"SearchAction\",\"target\":{\"@type\":\"EntryPoint\",\"urlTemplate\":\"\/?s={search_term_string}\"},\"query-input\":{\"@type\":\"PropertyValueSpecification\",\"valueRequired\":true,\"valueName\":\"search_term_string\"}}],\"inLanguage\":\"en-US\"},{\"@type\":\"Organization\",\"@id\":\"\/#organization\",\"name\":\"Healthy Digital Living\",\"url\":\"\/\",\"logo\":{\"@type\":\"ImageObject\",\"inLanguage\":\"en-US\",\"@id\":\"\/#\/schema\/logo\/image\/\",\"url\":\"https:\/\/gesund-digital-leben.de\/wp-content\/uploads\/2019\/10\/fordigithealth_logo_316-1.png\",\"contentUrl\":\"https:\/\/gesund-digital-leben.de\/wp-content\/uploads\/2019\/10\/fordigithealth_logo_316-1.png\",\"width\":1000,\"height\":507,\"caption\":\"Healthy Digital Living\"},\"image\":{\"@id\":\"\/#\/schema\/logo\/image\/\"}}]}<\/script>\n","yoast_head_json":{"title":"Scientific Support - Healthy Digital Living","description":"The research association is supported by a group of scientific reviewers that will advise the association and evaluate their interim and final results.","robots":{"index":"index","follow":"follow","max-snippet":"max-snippet:-1","max-image-preview":"max-image-preview:large","max-video-preview":"max-video-preview:-1"},"canonical":"https:\/\/gesund-digital-leben.de\/en\/research-association\/scientific-support\/","og_locale":"en_US","og_type":"article","og_title":"Scientific Support - Healthy Digital Living","og_description":"The research association is supported by a group of scientific reviewers that will advise the association and evaluate their interim and final results.","og_url":"https:\/\/gesund-digital-leben.de\/en\/research-association\/scientific-support\/","og_site_name":"Healthy Digital Living","article_modified_time":"2021-07-07T08:42:37+00:00","twitter_card":"summary_large_image","twitter_misc":{"Est. reading time":"1 minute"},"schema":{"@context":"https:\/\/schema.org","@graph":[{"@type":"WebPage","@id":"https:\/\/gesund-digital-leben.de\/en\/research-association\/scientific-support\/","url":"https:\/\/gesund-digital-leben.de\/en\/research-association\/scientific-support\/","name":"Scientific Support - Healthy Digital Living","isPartOf":{"@id":"\/#website"},"datePublished":"2020-01-16T11:10:58+00:00","dateModified":"2021-07-07T08:42:37+00:00","description":"The research association is supported by a group of scientific reviewers that will advise the association and evaluate their interim and final results.","breadcrumb":{"@id":"https:\/\/gesund-digital-leben.de\/en\/research-association\/scientific-support\/#breadcrumb"},"inLanguage":"en-US","potentialAction":[{"@type":"ReadAction","target":["https:\/\/gesund-digital-leben.de\/en\/research-association\/scientific-support\/"]}]},{"@type":"BreadcrumbList","@id":"https:\/\/gesund-digital-leben.de\/en\/research-association\/scientific-support\/#breadcrumb","itemListElement":[{"@type":"ListItem","position":1,"name":"Healthy Digital Living","item":"https:\/\/gesund-digital-leben.de\/en\/research-association\/"},{"@type":"ListItem","position":2,"name":"Our research association","item":"https:\/\/gesund-digital-leben.de\/en\/research-association\/"},{"@type":"ListItem","position":3,"name":"Scientific Support"}]},{"@type":"WebSite","@id":"\/#website","url":"\/","name":"Healthy Digital Living","description":"Gesunder Umgang mit digitalen Technologien und Medien","publisher":{"@id":"\/#organization"},"potentialAction":[{"@type":"SearchAction","target":{"@type":"EntryPoint","urlTemplate":"\/?s={search_term_string}"},"query-input":{"@type":"PropertyValueSpecification","valueRequired":true,"valueName":"search_term_string"}}],"inLanguage":"en-US"},{"@type":"Organization","@id":"\/#organization","name":"Healthy Digital Living","url":"\/","logo":{"@type":"ImageObject","inLanguage":"en-US","@id":"\/#\/schema\/logo\/image\/","url":"https:\/\/gesund-digital-leben.de\/wp-content\/uploads\/2019\/10\/fordigithealth_logo_316-1.png","contentUrl":"https:\/\/gesund-digital-leben.de\/wp-content\/uploads\/2019\/10\/fordigithealth_logo_316-1.png","width":1000,"height":507,"caption":"Healthy Digital Living"},"image":{"@id":"\/#\/schema\/logo\/image\/"}}]}},"_links":{"self":[{"href":"https:\/\/gesund-digital-leben.de\/en\/wp-json\/wp\/v2\/pages\/641"}],"collection":[{"href":"https:\/\/gesund-digital-leben.de\/en\/wp-json\/wp\/v2\/pages"}],"about":[{"href":"https:\/\/gesund-digital-leben.de\/en\/wp-json\/wp\/v2\/types\/page"}],"author":[{"embeddable":true,"href":"https:\/\/gesund-digital-leben.de\/en\/wp-json\/wp\/v2\/users\/2"}],"replies":[{"embeddable":true,"href":"https:\/\/gesund-digital-leben.de\/en\/wp-json\/wp\/v2\/comments?post=641"}],"version-history":[{"count":0,"href":"https:\/\/gesund-digital-leben.de\/en\/wp-json\/wp\/v2\/pages\/641\/revisions"}],"up":[{"embeddable":true,"href":"https:\/\/gesund-digital-leben.de\/en\/wp-json\/wp\/v2\/pages\/635"}],"wp:attachment":[{"href":"https:\/\/gesund-digital-leben.de\/en\/wp-json\/wp\/v2\/media?parent=641"}],"curies":[{"name":"wp","href":"https:\/\/api.w.org\/{rel}","templated":true}]}}